{"id":3698,"date":"2023-05-14T15:43:48","date_gmt":"2023-05-14T15:43:48","guid":{"rendered":"https:\/\/ecotic.es\/legal\/politica-de-privacitat\/"},"modified":"2024-06-16T17:42:49","modified_gmt":"2024-06-16T17:42:49","slug":"politica-de-privacitat","status":"publish","type":"page","link":"https:\/\/ecotic.es\/ca\/legal\/politica-de-privacitat\/","title":{"rendered":"Pol\u00edtica de privacitat"},"content":{"rendered":"\t\t<div data-elementor-type=\"wp-page\" data-elementor-id=\"3698\" class=\"elementor elementor-3698 elementor-885\" data-elementor-post-type=\"page\">\n\t\t\t\t<div class=\"elementor-element elementor-element-1928f3cf e-flex e-con-boxed e-con e-parent\" data-id=\"1928f3cf\" data-element_type=\"container\" data-e-type=\"container\" data-settings=\"{&quot;background_background&quot;:&quot;classic&quot;}\">\n\t\t\t\t\t<div class=\"e-con-inner\">\n\t\t\t\t<div class=\"elementor-element elementor-element-79e1d4fa elementor-widget elementor-widget-heading\" data-id=\"79e1d4fa\" data-element_type=\"widget\" data-e-type=\"widget\" data-widget_type=\"heading.default\">\n\t\t\t\t<div class=\"elementor-widget-container\">\n\t\t\t\t\t<h3 class=\"elementor-heading-title elementor-size-default\">ECOTIC Entidad Administradora<\/h3>\t\t\t\t<\/div>\n\t\t\t\t<\/div>\n\t\t\t\t<div class=\"elementor-element elementor-element-faa7674 elementor-widget elementor-widget-heading\" data-id=\"faa7674\" data-element_type=\"widget\" data-e-type=\"widget\" data-widget_type=\"heading.default\">\n\t\t\t\t<div class=\"elementor-widget-container\">\n\t\t\t\t\t<h2 class=\"elementor-heading-title elementor-size-default\">Pol\u00edtica de privacitat<\/h2>\t\t\t\t<\/div>\n\t\t\t\t<\/div>\n\t\t\t\t\t<\/div>\n\t\t\t\t<\/div>\n\t\t<div class=\"elementor-element elementor-element-483209c e-flex e-con-boxed e-con e-parent\" data-id=\"483209c\" data-element_type=\"container\" data-e-type=\"container\">\n\t\t\t\t\t<div class=\"e-con-inner\">\n\t\t\t\t<div class=\"elementor-element elementor-element-b466663 elementor-widget elementor-widget-text-editor\" data-id=\"b466663\" data-element_type=\"widget\" data-e-type=\"widget\" data-widget_type=\"text-editor.default\">\n\t\t\t\t<div class=\"elementor-widget-container\">\n\t\t\t\t\t\t\t\t\t<p><strong>DADES DEL RESPONSABLE DEL TRACTAMENT DE LES SEVES DADES<\/strong><\/p>\n<p>Identitat: ECOTIC ENTITAT ADMINISTRADORA, SL (ECOTIC EA)<\/p>\n<p>NIF: B16730566  <\/p>\n<\/p>\n<p>Adre\u00e7a: Avda. Diagonal, 467 2n 1a (08036) Barcelona<\/p>\n<p>Tel\u00e8fon: 93 419 40 48<\/p>\n<p>P\u00e0gina Web: <a href=\"http:\/\/www.ecotic.es\/\">http:\/\/www.ecotic.es\/<\/a><\/p>\n<p>Mail: <a href=\"mailto:ecotic@ecotic.es\">ecotic@ecotic.es<\/a><\/p>\n<p>Dades contacte DPD: <a href=\"mailto:dpd@dataprobcn.com\">dpd@dataprobcn.com<\/a><\/p>\n<p><strong>FINALITAT AMB LA QUAL ES TRACTEN LES SEVES DADES<\/strong><\/p>\n<p>Tractem les vostres dades de car\u00e0cter personal per a les seg\u00fcents finalitats:<\/p>\n<ul>\n<li>Gesti\u00f3 administrativa i comercial de clients i prove\u00efdors<\/li>\n<li>Gesti\u00f3 de la informaci\u00f3 i continguts de la nostra p\u00e0gina web <a href=\"http:\/\/www.ecotic.es\/\">http:\/\/www.ecotic.es\/<\/a> i de les nostres xarxes socials.<\/li>\n<li>Gesti\u00f3 de RRHH dels nostres treballadors i candidats.<\/li>\n<li>Gesti\u00f3 i comunicaci\u00f3 de les consultes a la web.<\/li>\n<li>Captaci\u00f3 d imatges per garantir la seguretat de persones i b\u00e9ns.<\/li>\n<li>Prestar serveis administratius i gesti\u00f3 del SCRAP en nom i per compte de FUNDACI\u00d3 ECOTIC, FUNDACI\u00d3 ECOTIC CLIMA i ASSOCIACI\u00d3 ECOTIC ENVASOS.<\/li>\n<\/ul>\n<div> <\/div>\n<p><strong>LEGITIMACI\u00d3 DEL TRACTAMENT<\/strong><\/p>\n<ul>\n<li>El tractament es realitza en base a una relaci\u00f3 contractual<\/li>\n<li>El tractament es realitza sobre la base del consentiment de l&#8217;interessat<\/li>\n<li>En el cas dels candidats, la base legal del tractament de les vostres dades ser\u00e0 el consentiment informat.<\/li>\n<li>La captaci\u00f3 d&#8217;imatges de videovigil\u00e0ncia es fa sobre la base d&#8217;inter\u00e8s leg\u00edtim.<\/li>\n<\/ul>\n<div> <\/div>\n<p><strong>PER\u00cdODE DE CONSERVACI\u00d3 DE LES SEVES DADES<\/strong><\/p>\n<p>Les dades es conservaran:<\/p>\n<ul>\n<li>Mentre es mantingui la relaci\u00f3 comercial.<\/li>\n<li>Se&#8217;n podran conservar les dades una vegada finalitzada tota relaci\u00f3 contractual amb els intervinents durant un per\u00edode de cinc (5) anys per complir obligacions legals, sens perjudici d&#8217;aquelles dades que s&#8217;hagin de conservar durant m\u00e9s temps per imposici\u00f3 legal i prescripci\u00f3 de responsabilitats.<\/li>\n<li>En el cas dels CV es conservaran durant un per\u00edode m\u00e0xim d&#8217;1 any des de la recepci\u00f3. En cas que el candidat passi a formar part del personal de lentitat, el CV sincorporar\u00e0 al seu expedient laboral.<\/li>\n<li>Les dades personals proporcionades es conservaran fins que l&#8217;interessat sol\u00b7liciti la supressi\u00f3, sempre que sigui procedent la supressi\u00f3 esmentada.<\/li>\n<li>Durant el per\u00edode de conservaci\u00f3 per obligaci\u00f3 legal i prescripci\u00f3 de responsabilitats, les dades es conservaran bloquejades.<\/li>\n<li>En el moment que expirin els terminis de conservaci\u00f3, les dades seran destru\u00efdes.<\/li>\n<li>Les imatges de videovigil\u00e0ncia es conservaran durant un per\u00edode m\u00e0xim de 30 dies.<\/li>\n<\/ul>\n<div> <\/div>\n<p><strong>DESTINATARIS DE CESSIONS O TRANSFER\u00c8NCIES<\/strong><\/p>\n<p>Les dades se cediran, en cas de ser necessari a: bancs i caixes, administracions p\u00fabliques, als encarregats del tractament que donen diferent suport a ECOTIC EA, aix\u00ed com als tercers necessaris amb qu\u00e8 sigui obligada per llei la comunicaci\u00f3, amb la finalitat de complir amb la prestaci\u00f3 del servei anteriorment esmentat.<\/p>\n<p><strong>DRETS DELS INTERESSATS<\/strong><\/p>\n<p><strong>Quins s\u00f3n els vostres drets?<\/strong><\/p>\n<ul>\n<li>Qualsevol persona t\u00e9 dret a obtenir confirmaci\u00f3 sobre si l&#8217;ECOTIC EA est\u00e0 tractant dades personals que us interessin, o no.<\/li>\n<li>Les persones interessades tenen dret a accedir a les seves dades personals, aix\u00ed com a sol\u00b7licitar la rectificaci\u00f3 de les seves dades inexactes o, en tot cas, sol\u00b7licitar la supressi\u00f3 quan, entre altres motius, les dades ja no siguin necess\u00e0ries per a les finalitats per a les quals van ser recollits.<\/li>\n<li>Els interessats tenen dret a oposar-se al tractament de les vostres dades personals.<\/li>\n<li>En determinades circumst\u00e0ncies previstes a l&#8217;article 18 del RGPD, els interessats podran sol\u00b7licitar la limitaci\u00f3 del tractament de les dades, en aquest cas \u00fanicament les conservaran per a l&#8217;exercici o la defensa de reclamacions.<\/li>\n<li>En virtut del dret a la portabilitat, els interessats tenen dret a obtenir les dades personals, que l&#8217;incumbeixin, en un format estructurat d&#8217;\u00fas com\u00fa i lectura mec\u00e0nica ia transmetre&#8217;ls a un altre responsable.<\/li>\n<\/ul>\n<div> <\/div>\n<p><strong>Com pot exercir els drets?<\/strong><\/p>\n<p>L&#8217;exercici dels drets el podr\u00e0 fer de forma gratu\u00efta.<\/p>\n<ul>\n<li>Mitjan\u00e7ant un escrit dirigit a ECOTIC EA, Diagonal, 467 2n 1a (08036) Barcelona.<\/li>\n<li>Mitjan\u00e7ant un escrit dirigit a ECOTIC EA a l&#8217;adre\u00e7a de correu electr\u00f2nic <a href=\"mailto:ecotic@ecotic.es\">ecotic@ecotic.es<\/a> .<\/li>\n<\/ul>\n<div> <\/div>\n<p><strong>Quines vies de reclamaci\u00f3 hi ha?<\/strong><\/p>\n<p>Si considereu que els vostres drets no s&#8217;han at\u00e8s degudament, teniu dret a presentar una reclamaci\u00f3 davant l&#8217;Ag\u00e8ncia Espanyola de Protecci\u00f3 de Dades ( <a href=\"http:\/\/www.aepd.es\">www.aepd.es<\/a> ).<\/p>\n<p><strong>VERACITAT DE LES DADES<\/strong><\/p>\n<p>La informaci\u00f3 que faciliti linteressat haur\u00e0 de ser vera\u00e7, en cas contrari ser\u00e0 responsable del dany que pugui causar a lentitat oa tercers, per no facilitar dades aut\u00e8ntiques.<\/p>\n<p><strong>INFORMACI\u00d3 ADDICIONAL<\/strong><\/p>\n<p>Tractarem les dades de manera l\u00edcita, lleial, transparent, adequada, pertinent, limitada, exacta i actualitzada. \u00c9s per aix\u00f2 que ens comprometem a adoptar totes les mesures raonables perqu\u00e8 aquests se suprimeixin o rectifiquin sense dilaci\u00f3 quan siguin inexactes.<\/p>\n<p>Mentre els interessats no ens comuniquin el contrari, entendrem que les vostres dades no han estat modificades i seran responsables de notificar-nos qualsevol variaci\u00f3.<\/p>\n<p><strong>TRACTAMENT DE DADES DE MENORS D&#8217;EDAT<\/strong><\/p>\n<p>Est\u00e0 prohibit facilitar a trav\u00e9s d&#8217;aquest portal persones menors de catorze (14) anys. Si alguna persona menor daquesta edat facilita dades, seran els seus pares o tutors els \u00fanics responsables daquesta situaci\u00f3.<\/p>\n<p><strong>VIG\u00c8NCIA I MODIFICACI\u00d3 DE LA PRESENT POL\u00cdTICA DE PROTECCI\u00d3 DE DADES<\/strong><\/p>\n<p>El titular del lloc <a href=\"https:\/\/www.ecotic.es\/\">https:\/\/www.ecotic.es\/<\/a> es reserva el dret de modificar la seva pol\u00edtica de privadesa en cas que hi hagi un canvi de la legislaci\u00f3 vigent, doctrina jurisprudencial o per criteris propis empresarials. Si s&#8217;introdueix algun canvi en aquesta pol\u00edtica, el nou text es publicar\u00e0 en aquesta mateixa adre\u00e7a.<\/p>\n\t\t\t\t\t\t\t\t<\/div>\n\t\t\t\t<\/div>\n\t\t\t\t\t<\/div>\n\t\t\t\t<\/div>\n\t\t\t\t<\/div>\n\t\t","protected":false},"excerpt":{"rendered":"<p>ECOTIC Entidad Administradora Pol\u00edtica de privacitat DADES DEL RESPONSABLE DEL TRACTAMENT DE LES SEVES DADES Identitat: ECOTIC ENTITAT ADMINISTRADORA, SL (ECOTIC EA) NIF: B16730566 Adre\u00e7a: Avda. Diagonal, 467 2n 1a (08036) Barcelona Tel\u00e8fon: 93 419 40 48 P\u00e0gina Web: http:\/\/www.ecotic.es\/ Mail: ecotic@ecotic.es Dades contacte DPD: dpd@dataprobcn.com FINALITAT AMB LA QUAL ES TRACTEN LES SEVES DADES [&hellip;]<\/p>\n","protected":false},"author":2,"featured_media":0,"parent":3662,"menu_order":0,"comment_status":"closed","ping_status":"closed","template":"","meta":{"footnotes":""},"class_list":["post-3698","page","type-page","status-publish","hentry"],"yoast_head":"<!-- This site is optimized with the Yoast SEO plugin v27.4 - https:\/\/yoast.com\/product\/yoast-seo-wordpress\/ -->\n<title>Pol\u00edtica de privacitat - Ecotic Entidad administradora<\/title>\n<meta name=\"robots\" content=\"index, follow, max-snippet:-1, max-image-preview:large, max-video-preview:-1\" \/>\n<link rel=\"canonical\" href=\"https:\/\/ecotic.es\/ca\/legal\/politica-de-privacitat\/\" \/>\n<meta property=\"og:locale\" content=\"ca_ES\" \/>\n<meta property=\"og:type\" content=\"article\" \/>\n<meta property=\"og:title\" content=\"Pol\u00edtica de privacitat - Ecotic Entidad administradora\" \/>\n<meta property=\"og:description\" content=\"ECOTIC Entidad Administradora Pol\u00edtica de privacitat DADES DEL RESPONSABLE DEL TRACTAMENT DE LES SEVES DADES Identitat: ECOTIC ENTITAT ADMINISTRADORA, SL (ECOTIC EA) NIF: B16730566 Adre\u00e7a: Avda. Diagonal, 467 2n 1a (08036) Barcelona Tel\u00e8fon: 93 419 40 48 P\u00e0gina Web: http:\/\/www.ecotic.es\/ Mail: ecotic@ecotic.es Dades contacte DPD: dpd@dataprobcn.com FINALITAT AMB LA QUAL ES TRACTEN LES SEVES DADES [&hellip;]\" \/>\n<meta property=\"og:url\" content=\"https:\/\/ecotic.es\/ca\/legal\/politica-de-privacitat\/\" \/>\n<meta property=\"og:site_name\" content=\"Ecotic Entidad administradora\" \/>\n<meta property=\"article:modified_time\" content=\"2024-06-16T17:42:49+00:00\" \/>\n<meta name=\"twitter:card\" content=\"summary_large_image\" \/>\n<meta name=\"twitter:label1\" content=\"Temps estimat de lectura\" \/>\n\t<meta name=\"twitter:data1\" content=\"4 minuts\" \/>\n<script type=\"application\/ld+json\" class=\"yoast-schema-graph\">{\"@context\":\"https:\\\/\\\/schema.org\",\"@graph\":[{\"@type\":\"WebPage\",\"@id\":\"https:\\\/\\\/ecotic.es\\\/ca\\\/legal\\\/politica-de-privacitat\\\/\",\"url\":\"https:\\\/\\\/ecotic.es\\\/ca\\\/legal\\\/politica-de-privacitat\\\/\",\"name\":\"Pol\u00edtica de privacitat - Ecotic Entidad administradora\",\"isPartOf\":{\"@id\":\"https:\\\/\\\/ecotic.es\\\/ca\\\/#website\"},\"datePublished\":\"2023-05-14T15:43:48+00:00\",\"dateModified\":\"2024-06-16T17:42:49+00:00\",\"breadcrumb\":{\"@id\":\"https:\\\/\\\/ecotic.es\\\/ca\\\/legal\\\/politica-de-privacitat\\\/#breadcrumb\"},\"inLanguage\":\"ca\",\"potentialAction\":[{\"@type\":\"ReadAction\",\"target\":[\"https:\\\/\\\/ecotic.es\\\/ca\\\/legal\\\/politica-de-privacitat\\\/\"]}]},{\"@type\":\"BreadcrumbList\",\"@id\":\"https:\\\/\\\/ecotic.es\\\/ca\\\/legal\\\/politica-de-privacitat\\\/#breadcrumb\",\"itemListElement\":[{\"@type\":\"ListItem\",\"position\":1,\"name\":\"Portada\",\"item\":\"https:\\\/\\\/ecotic.es\\\/ca\\\/\"},{\"@type\":\"ListItem\",\"position\":2,\"name\":\"legal\",\"item\":\"https:\\\/\\\/ecotic.es\\\/ca\\\/legal\\\/\"},{\"@type\":\"ListItem\",\"position\":3,\"name\":\"Pol\u00edtica de privacitat\"}]},{\"@type\":\"WebSite\",\"@id\":\"https:\\\/\\\/ecotic.es\\\/ca\\\/#website\",\"url\":\"https:\\\/\\\/ecotic.es\\\/ca\\\/\",\"name\":\"Ecotic Entidad administradora\",\"description\":\"Ecotic EA\",\"publisher\":{\"@id\":\"https:\\\/\\\/ecotic.es\\\/ca\\\/#organization\"},\"potentialAction\":[{\"@type\":\"SearchAction\",\"target\":{\"@type\":\"EntryPoint\",\"urlTemplate\":\"https:\\\/\\\/ecotic.es\\\/ca\\\/?s={search_term_string}\"},\"query-input\":{\"@type\":\"PropertyValueSpecification\",\"valueRequired\":true,\"valueName\":\"search_term_string\"}}],\"inLanguage\":\"ca\"},{\"@type\":\"Organization\",\"@id\":\"https:\\\/\\\/ecotic.es\\\/ca\\\/#organization\",\"name\":\"Ecotic Entidad administradora\",\"url\":\"https:\\\/\\\/ecotic.es\\\/ca\\\/\",\"logo\":{\"@type\":\"ImageObject\",\"inLanguage\":\"ca\",\"@id\":\"https:\\\/\\\/ecotic.es\\\/ca\\\/#\\\/schema\\\/logo\\\/image\\\/\",\"url\":\"https:\\\/\\\/ecotic.es\\\/wp-content\\\/uploads\\\/2025\\\/03\\\/Ecotic_20-Aniversario.svg\",\"contentUrl\":\"https:\\\/\\\/ecotic.es\\\/wp-content\\\/uploads\\\/2025\\\/03\\\/Ecotic_20-Aniversario.svg\",\"caption\":\"Ecotic Entidad administradora\"},\"image\":{\"@id\":\"https:\\\/\\\/ecotic.es\\\/ca\\\/#\\\/schema\\\/logo\\\/image\\\/\"}}]}<\/script>\n<!-- \/ Yoast SEO plugin. -->","yoast_head_json":{"title":"Pol\u00edtica de privacitat - Ecotic Entidad administradora","robots":{"index":"index","follow":"follow","max-snippet":"max-snippet:-1","max-image-preview":"max-image-preview:large","max-video-preview":"max-video-preview:-1"},"canonical":"https:\/\/ecotic.es\/ca\/legal\/politica-de-privacitat\/","og_locale":"ca_ES","og_type":"article","og_title":"Pol\u00edtica de privacitat - Ecotic Entidad administradora","og_description":"ECOTIC Entidad Administradora Pol\u00edtica de privacitat DADES DEL RESPONSABLE DEL TRACTAMENT DE LES SEVES DADES Identitat: ECOTIC ENTITAT ADMINISTRADORA, SL (ECOTIC EA) NIF: B16730566 Adre\u00e7a: Avda. Diagonal, 467 2n 1a (08036) Barcelona Tel\u00e8fon: 93 419 40 48 P\u00e0gina Web: http:\/\/www.ecotic.es\/ Mail: ecotic@ecotic.es Dades contacte DPD: dpd@dataprobcn.com FINALITAT AMB LA QUAL ES TRACTEN LES SEVES DADES [&hellip;]","og_url":"https:\/\/ecotic.es\/ca\/legal\/politica-de-privacitat\/","og_site_name":"Ecotic Entidad administradora","article_modified_time":"2024-06-16T17:42:49+00:00","twitter_card":"summary_large_image","twitter_misc":{"Temps estimat de lectura":"4 minuts"},"schema":{"@context":"https:\/\/schema.org","@graph":[{"@type":"WebPage","@id":"https:\/\/ecotic.es\/ca\/legal\/politica-de-privacitat\/","url":"https:\/\/ecotic.es\/ca\/legal\/politica-de-privacitat\/","name":"Pol\u00edtica de privacitat - Ecotic Entidad administradora","isPartOf":{"@id":"https:\/\/ecotic.es\/ca\/#website"},"datePublished":"2023-05-14T15:43:48+00:00","dateModified":"2024-06-16T17:42:49+00:00","breadcrumb":{"@id":"https:\/\/ecotic.es\/ca\/legal\/politica-de-privacitat\/#breadcrumb"},"inLanguage":"ca","potentialAction":[{"@type":"ReadAction","target":["https:\/\/ecotic.es\/ca\/legal\/politica-de-privacitat\/"]}]},{"@type":"BreadcrumbList","@id":"https:\/\/ecotic.es\/ca\/legal\/politica-de-privacitat\/#breadcrumb","itemListElement":[{"@type":"ListItem","position":1,"name":"Portada","item":"https:\/\/ecotic.es\/ca\/"},{"@type":"ListItem","position":2,"name":"legal","item":"https:\/\/ecotic.es\/ca\/legal\/"},{"@type":"ListItem","position":3,"name":"Pol\u00edtica de privacitat"}]},{"@type":"WebSite","@id":"https:\/\/ecotic.es\/ca\/#website","url":"https:\/\/ecotic.es\/ca\/","name":"Ecotic Entidad administradora","description":"Ecotic EA","publisher":{"@id":"https:\/\/ecotic.es\/ca\/#organization"},"potentialAction":[{"@type":"SearchAction","target":{"@type":"EntryPoint","urlTemplate":"https:\/\/ecotic.es\/ca\/?s={search_term_string}"},"query-input":{"@type":"PropertyValueSpecification","valueRequired":true,"valueName":"search_term_string"}}],"inLanguage":"ca"},{"@type":"Organization","@id":"https:\/\/ecotic.es\/ca\/#organization","name":"Ecotic Entidad administradora","url":"https:\/\/ecotic.es\/ca\/","logo":{"@type":"ImageObject","inLanguage":"ca","@id":"https:\/\/ecotic.es\/ca\/#\/schema\/logo\/image\/","url":"https:\/\/ecotic.es\/wp-content\/uploads\/2025\/03\/Ecotic_20-Aniversario.svg","contentUrl":"https:\/\/ecotic.es\/wp-content\/uploads\/2025\/03\/Ecotic_20-Aniversario.svg","caption":"Ecotic Entidad administradora"},"image":{"@id":"https:\/\/ecotic.es\/ca\/#\/schema\/logo\/image\/"}}]}},"_links":{"self":[{"href":"https:\/\/ecotic.es\/ca\/wp-json\/wp\/v2\/pages\/3698","targetHints":{"allow":["GET"]}}],"collection":[{"href":"https:\/\/ecotic.es\/ca\/wp-json\/wp\/v2\/pages"}],"about":[{"href":"https:\/\/ecotic.es\/ca\/wp-json\/wp\/v2\/types\/page"}],"author":[{"embeddable":true,"href":"https:\/\/ecotic.es\/ca\/wp-json\/wp\/v2\/users\/2"}],"replies":[{"embeddable":true,"href":"https:\/\/ecotic.es\/ca\/wp-json\/wp\/v2\/comments?post=3698"}],"version-history":[{"count":1,"href":"https:\/\/ecotic.es\/ca\/wp-json\/wp\/v2\/pages\/3698\/revisions"}],"predecessor-version":[{"id":3699,"href":"https:\/\/ecotic.es\/ca\/wp-json\/wp\/v2\/pages\/3698\/revisions\/3699"}],"up":[{"embeddable":true,"href":"https:\/\/ecotic.es\/ca\/wp-json\/wp\/v2\/pages\/3662"}],"wp:attachment":[{"href":"https:\/\/ecotic.es\/ca\/wp-json\/wp\/v2\/media?parent=3698"}],"curies":[{"name":"wp","href":"https:\/\/api.w.org\/{rel}","templated":true}]}}